{"id":758,"date":"2020-07-04T10:04:36","date_gmt":"2020-07-04T10:04:36","guid":{"rendered":"http:\/\/kleintierpraxis-grossburgwedel.de\/?page_id=18"},"modified":"2025-01-13T16:47:33","modified_gmt":"2025-01-13T16:47:33","slug":"sprechzeiten","status":"publish","type":"page","link":"https:\/\/hair-esthetic.com\/?page_id=758","title":{"rendered":"\u00d6ffnungszeiten"},"content":{"rendered":"<p><div class=\"fusion-fullwidth fullwidth-box fusion-builder-row-1 fusion-flex-container has-pattern-background has-mask-background nonhundred-percent-fullwidth non-hundred-percent-height-scrolling\" style=\"--awb-border-radius-top-left:0px;--awb-border-radius-top-right:0px;--awb-border-radius-bottom-right:0px;--awb-border-radius-bottom-left:0px;--awb-flex-wrap:wrap;\" ><div class=\"fusion-builder-row fusion-row fusion-flex-align-items-flex-start fusion-flex-content-wrap\" style=\"max-width:1248px;margin-left: calc(-4% \/ 2 );margin-right: calc(-4% \/ 2 );\"><div class=\"fusion-layout-column fusion_builder_column fusion-builder-column-0 fusion_builder_column_1_1 1_1 fusion-flex-column\" style=\"--awb-bg-size:cover;--awb-width-large:100%;--awb-margin-top-large:0px;--awb-spacing-right-large:1.92%;--awb-margin-bottom-large:20px;--awb-spacing-left-large:1.92%;--awb-width-medium:100%;--awb-order-medium:0;--awb-spacing-right-medium:1.92%;--awb-spacing-left-medium:1.92%;--awb-width-small:100%;--awb-order-small:0;--awb-spacing-right-small:1.92%;--awb-spacing-left-small:1.92%;\"><div class=\"fusion-column-wrapper fusion-column-has-shadow fusion-flex-justify-content-flex-start fusion-content-layout-column\"><div class=\"fusion-text fusion-text-1\"><h1 class=\"p1\" style=\"text-align: left;\"><b>\u00d6ffnungszeiten<\/b><\/h1>\n<\/div><div class=\"fusion-text fusion-text-2\"><p>Willkommen bei Hair Esthetic, Ihrem Friseursalon in Wolfenb\u00fcttel!<\/p>\n<p>Unsere \u00d6ffnungszeiten bieten Ihnen die Flexibilit\u00e4t, den perfekten Termin f\u00fcr Ihren Haarschnitt, Ihre Coloration oder Ihr Styling zu finden:<\/p>\n<\/div><\/div><\/div><\/div><\/div><div class=\"fusion-fullwidth fullwidth-box fusion-builder-row-2 fusion-flex-container has-pattern-background has-mask-background nonhundred-percent-fullwidth non-hundred-percent-height-scrolling\" style=\"--awb-border-radius-top-left:0px;--awb-border-radius-top-right:0px;--awb-border-radius-bottom-right:0px;--awb-border-radius-bottom-left:0px;--awb-flex-wrap:wrap;\" ><div class=\"fusion-builder-row fusion-row fusion-flex-align-items-flex-start fusion-flex-content-wrap\" style=\"max-width:1248px;margin-left: calc(-4% \/ 2 );margin-right: calc(-4% \/ 2 );\"><div class=\"fusion-layout-column fusion_builder_column fusion-builder-column-1 fusion_builder_column_1_2 1_2 fusion-flex-column\" style=\"--awb-bg-size:cover;--awb-width-large:50%;--awb-margin-top-large:0px;--awb-spacing-right-large:3.84%;--awb-margin-bottom-large:20px;--awb-spacing-left-large:3.84%;--awb-width-medium:50%;--awb-order-medium:0;--awb-spacing-right-medium:3.84%;--awb-spacing-left-medium:3.84%;--awb-width-small:100%;--awb-order-small:0;--awb-spacing-right-small:1.92%;--awb-spacing-left-small:1.92%;\"><div class=\"fusion-column-wrapper fusion-column-has-shadow fusion-flex-justify-content-flex-start fusion-content-layout-column\">\n<div class=\"table-1\">\n<table width=\"100%\">\n<thead>\n<tr>\n<th align=\"left\">Wochentag<\/th>\n<th align=\"left\">\u00d6ffnungszeiten<\/th>\n<\/tr>\n<\/thead>\n<tbody>\n<tr>\n<td align=\"left\">Montag<\/td>\n<td align=\"left\">geschlossen<\/td>\n<\/tr>\n<tr>\n<td align=\"left\">Dienstag<\/td>\n<td align=\"left\">9:00 &#8211; 18:00 Uhr<\/td>\n<\/tr>\n<tr>\n<td align=\"left\">Mittwoch<\/td>\n<td align=\"left\">9:00 &#8211; 18:00 Uhr<\/td>\n<\/tr>\n<tr>\n<td align=\"left\">Donnerstag<\/td>\n<td align=\"left\">9:00 &#8211; 18:00 Uhr<\/td>\n<\/tr>\n<tr>\n<td align=\"left\">Freitag<\/td>\n<td align=\"left\">9:00 &#8211; 18:00 Uhr<\/td>\n<\/tr>\n<tr>\n<td align=\"left\">Samstag<\/td>\n<td align=\"left\">8:00 &#8211; 13:00 Uhr<\/td>\n<\/tr>\n<tr>\n<td align=\"left\">Sonntag<\/td>\n<td align=\"left\">geschlossen<\/td>\n<\/tr>\n<\/tbody>\n<\/table>\n<\/div>\n<\/div><\/div><div class=\"fusion-layout-column fusion_builder_column fusion-builder-column-2 fusion_builder_column_1_2 1_2 fusion-flex-column\" style=\"--awb-bg-size:cover;--awb-width-large:50%;--awb-margin-top-large:0px;--awb-spacing-right-large:3.84%;--awb-margin-bottom-large:20px;--awb-spacing-left-large:3.84%;--awb-width-medium:50%;--awb-order-medium:0;--awb-spacing-right-medium:3.84%;--awb-spacing-left-medium:3.84%;--awb-width-small:100%;--awb-order-small:0;--awb-spacing-right-small:1.92%;--awb-spacing-left-small:1.92%;\"><div class=\"fusion-column-wrapper fusion-column-has-shadow fusion-flex-justify-content-flex-start fusion-content-layout-column\"><div class=\"fusion-image-element \" style=\"--awb-caption-title-font-family:var(--h2_typography-font-family);--awb-caption-title-font-weight:var(--h2_typography-font-weight);--awb-caption-title-font-style:var(--h2_typography-font-style);--awb-caption-title-size:var(--h2_typography-font-size);--awb-caption-title-transform:var(--h2_typography-text-transform);--awb-caption-title-line-height:var(--h2_typography-line-height);--awb-caption-title-letter-spacing:var(--h2_typography-letter-spacing);\"><span class=\" fusion-imageframe imageframe-none imageframe-1 hover-type-none\"><img decoding=\"async\" width=\"300\" height=\"208\" title=\"8ae31dba78eab96171b95396b459cb8d098bc695\" src=\"https:\/\/hair-esthetic.com\/wp-content\/uploads\/2024\/12\/8ae31dba78eab96171b95396b459cb8d098bc695-300x208.jpg\" alt class=\"img-responsive wp-image-57\" srcset=\"https:\/\/hair-esthetic.com\/wp-content\/uploads\/2024\/12\/8ae31dba78eab96171b95396b459cb8d098bc695-300x208.jpg 300w, https:\/\/hair-esthetic.com\/wp-content\/uploads\/2024\/12\/8ae31dba78eab96171b95396b459cb8d098bc695-500x347.jpg 500w, https:\/\/hair-esthetic.com\/wp-content\/uploads\/2024\/12\/8ae31dba78eab96171b95396b459cb8d098bc695-700x486.jpg 700w, https:\/\/hair-esthetic.com\/wp-content\/uploads\/2024\/12\/8ae31dba78eab96171b95396b459cb8d098bc695-768x533.jpg 768w, https:\/\/hair-esthetic.com\/wp-content\/uploads\/2024\/12\/8ae31dba78eab96171b95396b459cb8d098bc695-1024x711.jpg 1024w, https:\/\/hair-esthetic.com\/wp-content\/uploads\/2024\/12\/8ae31dba78eab96171b95396b459cb8d098bc695.jpg 1280w\" sizes=\"(max-width: 300px) 100vw, 300px\" \/><\/span><\/div><div class=\"fusion-text fusion-text-3\"><p>Um Wartezeiten zu vermeiden, bitten wir Sie, vorab einen Termin zu vereinbaren. Buchen Sie hierf\u00fcr einfach einen Termin online unter: <a title=\"Termin vereinbaren\" href=\"https:\/\/hair-esthetic.com\/buchung\/\">Termin vereinbaren<\/a>.<\/p>\n<p>Alternativ kontaktieren Sie uns telefonisch oder besuchen Sie uns direkt im Salon.<\/p>\n<p>Wir freuen uns darauf, Sie bei Hair Esthetic in Wolfenb\u00fcttel willkommen zu hei\u00dfen!<\/p>\n<\/div><\/div><\/div><\/div><\/div><\/p>\n","protected":false},"excerpt":{"rendered":"","protected":false},"author":1,"featured_media":0,"parent":0,"menu_order":0,"comment_status":"closed","ping_status":"closed","template":"","meta":{"footnotes":""},"class_list":["post-758","page","type-page","status-publish","hentry"],"aioseo_notices":[],"_links":{"self":[{"href":"https:\/\/hair-esthetic.com\/index.php?rest_route=\/wp\/v2\/pages\/758","targetHints":{"allow":["GET"]}}],"collection":[{"href":"https:\/\/hair-esthetic.com\/index.php?rest_route=\/wp\/v2\/pages"}],"about":[{"href":"https:\/\/hair-esthetic.com\/index.php?rest_route=\/wp\/v2\/types\/page"}],"author":[{"embeddable":true,"href":"https:\/\/hair-esthetic.com\/index.php?rest_route=\/wp\/v2\/users\/1"}],"replies":[{"embeddable":true,"href":"https:\/\/hair-esthetic.com\/index.php?rest_route=%2Fwp%2Fv2%2Fcomments&post=758"}],"version-history":[{"count":10,"href":"https:\/\/hair-esthetic.com\/index.php?rest_route=\/wp\/v2\/pages\/758\/revisions"}],"predecessor-version":[{"id":928,"href":"https:\/\/hair-esthetic.com\/index.php?rest_route=\/wp\/v2\/pages\/758\/revisions\/928"}],"wp:attachment":[{"href":"https:\/\/hair-esthetic.com\/index.php?rest_route=%2Fwp%2Fv2%2Fmedia&parent=758"}],"curies":[{"name":"wp","href":"https:\/\/api.w.org\/{rel}","templated":true}]}}